{"id":229,"date":"2026-03-28T12:10:54","date_gmt":"2026-03-28T12:10:54","guid":{"rendered":"https:\/\/lirium.pt\/?page_id=229"},"modified":"2026-04-02T18:15:58","modified_gmt":"2026-04-02T18:15:58","slug":"contactos","status":"publish","type":"page","link":"https:\/\/lirium.pt\/?page_id=229","title":{"rendered":"Contactos"},"content":{"rendered":"\n<div class=\"wp-block-columns is-layout-flex wp-container-core-columns-is-layout-28f84493 wp-block-columns-is-layout-flex\">\n<div class=\"wp-block-column is-layout-flow wp-block-column-is-layout-flow\">\n<p class=\"has-text-align-left\">Queremos passar-lhe a paix\u00e3o pelas plantas, por isso queremos que venha ter conosco, estamos na seguinte morada:<\/p>\n\n\n\n<p class=\"has-text-align-left\">&#8211;<strong>Entroncamento, na rua 5 de Outubro 2330-092<\/strong><\/p>\n\n\n\n<p class=\"has-text-align-left\">O nosso hor\u00e1rio \u00e9 de <strong>segunda a sexta das 09:30 \u00e0s 13:00<\/strong> e das <strong>14:00 \u00e0s 18:30<\/strong>, ao fim de semana abrimos <strong>s\u00e1bado das 09:00 \u00e0 13:00<\/strong>.<\/p>\n\n\n\n<p class=\"has-text-align-left\">Pode tamb\u00e9m ligar atrav\u00e9s dos seguintes contactos:<\/p>\n\n\n\n<p class=\"has-text-align-left\"><strong>910 221 445<\/strong><\/p>\n\n\n\n<p class=\"has-text-align-left\"><strong>916 376 946<\/strong><\/p>\n\n\n\n<p class=\"has-text-align-left\">Se a sua prefer\u00eancia for o email:<\/p>\n\n\n\n<p class=\"has-text-align-left\"><a href=\"mailto:geral@lirium.pt\"><strong>geral@lirium.pt<\/strong><\/a><\/p>\n<\/div>\n<\/div>\n\n\n\n<p class=\"has-text-align-left\">Ou ent\u00e3o deixe j\u00e1 aqui a sua mensagem, respondemos assim que nos for poss\u00edvel.<\/p>\n\n\n<div class=\"wp-block-image\">\n<figure class=\"aligncenter size-full is-resized\"><img fetchpriority=\"high\" decoding=\"async\" width=\"512\" height=\"512\" src=\"https:\/\/lirium.pt\/wp-content\/uploads\/2026\/03\/cropped-LIRIUM_LOGO_SFVerde_FINAL.png\" alt=\"\" class=\"wp-image-127\" style=\"width:118px;height:auto\" srcset=\"https:\/\/lirium.pt\/wp-content\/uploads\/2026\/03\/cropped-LIRIUM_LOGO_SFVerde_FINAL.png 512w, https:\/\/lirium.pt\/wp-content\/uploads\/2026\/03\/cropped-LIRIUM_LOGO_SFVerde_FINAL-300x300.png 300w, https:\/\/lirium.pt\/wp-content\/uploads\/2026\/03\/cropped-LIRIUM_LOGO_SFVerde_FINAL-150x150.png 150w, https:\/\/lirium.pt\/wp-content\/uploads\/2026\/03\/cropped-LIRIUM_LOGO_SFVerde_FINAL-160x160.png 160w, https:\/\/lirium.pt\/wp-content\/uploads\/2026\/03\/cropped-LIRIUM_LOGO_SFVerde_FINAL-270x270.png 270w, https:\/\/lirium.pt\/wp-content\/uploads\/2026\/03\/cropped-LIRIUM_LOGO_SFVerde_FINAL-192x192.png 192w, https:\/\/lirium.pt\/wp-content\/uploads\/2026\/03\/cropped-LIRIUM_LOGO_SFVerde_FINAL-180x180.png 180w, https:\/\/lirium.pt\/wp-content\/uploads\/2026\/03\/cropped-LIRIUM_LOGO_SFVerde_FINAL-32x32.png 32w\" sizes=\"(max-width: 512px) 100vw, 512px\" \/><\/figure>\n<\/div>\n\n<div class=\"wpforms-container wpforms-container-full wpforms-block wpforms-block-056276e4-3be8-4c97-913b-275871609e17\" id=\"wpforms-96\"><form id=\"wpforms-form-96\" class=\"wpforms-validate wpforms-form\" data-formid=\"96\" method=\"post\" enctype=\"multipart\/form-data\" action=\"\/index.php?rest_route=%2Fwp%2Fv2%2Fpages%2F229\" data-token=\"3ef60da1b4041cee9befa82686f26b0f\" data-token-time=\"1775438131\"><noscript class=\"wpforms-error-noscript\">Please enable JavaScript in your browser to complete this form.<\/noscript><div class=\"wpforms-field-container\"><div id=\"wpforms-96-field_0-container\" class=\"wpforms-field wpforms-field-name wpforms-one-half wpforms-first\" data-field-id=\"0\"><label class=\"wpforms-field-label wpforms-label-hide\" for=\"wpforms-96-field_0\">Nome <span class=\"wpforms-required-label\">*<\/span><\/label><input type=\"text\" id=\"wpforms-96-field_0\" class=\"wpforms-field-large wpforms-field-required\" name=\"wpforms[fields][0]\" placeholder=\"O seu nome\" required><\/div><div id=\"wpforms-96-field_3-container\" class=\"wpforms-field wpforms-field-email wpforms-one-half\" data-field-id=\"3\"><label class=\"wpforms-field-label wpforms-label-hide\" for=\"wpforms-96-field_3\">Email <span class=\"wpforms-required-label\">*<\/span><\/label><input type=\"email\" id=\"wpforms-96-field_3\" class=\"wpforms-field-large wpforms-field-required\" name=\"wpforms[fields][3]\" placeholder=\"O seu email\" spellcheck=\"false\" required><\/div><div id=\"wpforms-96-field_4-container\" class=\"wpforms-field wpforms-field-text\" data-field-id=\"4\"><label class=\"wpforms-field-label wpforms-label-hide\" for=\"wpforms-96-field_4\">Assunto<\/label><input type=\"text\" id=\"wpforms-96-field_4\" class=\"wpforms-field-large\" name=\"wpforms[fields][4]\" placeholder=\"Assunto\" ><\/div><div id=\"wpforms-96-field_2-container\" class=\"wpforms-field wpforms-field-textarea\" data-field-id=\"2\"><label class=\"wpforms-field-label wpforms-label-hide\" for=\"wpforms-96-field_2\">Mensagem <span class=\"wpforms-required-label\">*<\/span><\/label><textarea id=\"wpforms-96-field_2\" class=\"wpforms-field-medium wpforms-field-required\" name=\"wpforms[fields][2]\" placeholder=\"Escreva a sua mensagem\" required><\/textarea><\/div><div id=\"wpforms-96-field_5-container\" class=\"wpforms-field wpforms-field-gdpr-checkbox\" data-field-id=\"5\"><label class=\"wpforms-field-label\">Consentimento RGPD <span class=\"wpforms-required-label\">*<\/span><\/label><ul id=\"wpforms-96-field_5\" class=\"wpforms-field-required\"><li class=\"choice-1\"><input type=\"checkbox\" id=\"wpforms-96-field_5_1\" name=\"wpforms[fields][5][]\" value=\"Autorizo que os meus dados sejam usados para que me possam responder.\" required ><label class=\"wpforms-field-label-inline\" for=\"wpforms-96-field_5_1\">Autorizo que os meus dados sejam usados para que me possam responder.<\/label><\/li><\/ul><\/div><\/div><!-- .wpforms-field-container --><div class=\"wpforms-submit-container\" ><input type=\"hidden\" name=\"wpforms[id]\" value=\"96\"><input type=\"hidden\" name=\"page_title\" value=\"\"><input type=\"hidden\" name=\"page_url\" value=\"https:\/\/lirium.pt\/index.php?rest_route=\/wp\/v2\/pages\/229\"><input type=\"hidden\" name=\"url_referer\" value=\"\"><button type=\"submit\" name=\"wpforms[submit]\" id=\"wpforms-submit-96\" class=\"wpforms-submit\" data-alt-text=\"A enviar...\" data-submit-text=\"Enviar mensagem\" aria-live=\"assertive\" value=\"wpforms-submit\">Enviar mensagem<\/button><\/div><\/form><\/div>  <!-- .wpforms-container -->\n\n\n<p><\/p>\n","protected":false},"excerpt":{"rendered":"<p>Queremos passar-lhe a paix\u00e3o pelas plantas, por isso queremos que venha ter conosco, estamos na seguinte morada: &#8211;Entroncamento, na rua 5 de Outubro 2330-092 O nosso hor\u00e1rio \u00e9 de segunda a sexta das 09:30 \u00e0s 13:00 e das 14:00 \u00e0s 18:30, ao fim de semana abrimos s\u00e1bado das 09:00 \u00e0 [&hellip;]<\/p>\n","protected":false},"author":1,"featured_media":0,"parent":0,"menu_order":0,"comment_status":"closed","ping_status":"closed","template":"","meta":{"footnotes":""},"class_list":["post-229","page","type-page","status-publish","hentry"],"_links":{"self":[{"href":"https:\/\/lirium.pt\/index.php?rest_route=\/wp\/v2\/pages\/229","targetHints":{"allow":["GET"]}}],"collection":[{"href":"https:\/\/lirium.pt\/index.php?rest_route=\/wp\/v2\/pages"}],"about":[{"href":"https:\/\/lirium.pt\/index.php?rest_route=\/wp\/v2\/types\/page"}],"author":[{"embeddable":true,"href":"https:\/\/lirium.pt\/index.php?rest_route=\/wp\/v2\/users\/1"}],"replies":[{"embeddable":true,"href":"https:\/\/lirium.pt\/index.php?rest_route=%2Fwp%2Fv2%2Fcomments&post=229"}],"version-history":[{"count":14,"href":"https:\/\/lirium.pt\/index.php?rest_route=\/wp\/v2\/pages\/229\/revisions"}],"predecessor-version":[{"id":431,"href":"https:\/\/lirium.pt\/index.php?rest_route=\/wp\/v2\/pages\/229\/revisions\/431"}],"wp:attachment":[{"href":"https:\/\/lirium.pt\/index.php?rest_route=%2Fwp%2Fv2%2Fmedia&parent=229"}],"curies":[{"name":"wp","href":"https:\/\/api.w.org\/{rel}","templated":true}]}}