{"id":236,"date":"2026-03-28T12:23:10","date_gmt":"2026-03-28T12:23:10","guid":{"rendered":"https:\/\/lirium.pt\/?page_id=236"},"modified":"2026-03-30T23:16:40","modified_gmt":"2026-03-30T23:16:40","slug":"termos-de-uso-e-privaciade","status":"publish","type":"page","link":"https:\/\/lirium.pt\/?page_id=236","title":{"rendered":"Termos de Uso e Privaciade"},"content":{"rendered":"\n<p>O site da <strong>LIRIUM<\/strong> recolhe os seus dados e informa\u00e7\u00f5es pessoais, nomeadamente endere\u00e7o de email, nome, morada, pa\u00eds e telefone, com o objetivo de processar e efetuar as suas encomendas.<\/p>\n\n\n\n<p>A <strong>LIRIUM<\/strong> assume o compromisso de garantir a privacidade e seguran\u00e7a das informa\u00e7\u00f5es pessoais dos seus clientes.<\/p>\n\n\n\n<p>Os dados pessoais dos clientes <strong>n\u00e3o s\u00e3o vendidos ou alugados a terceiros<\/strong>.<\/p>\n\n\n\n<p>Os dados recolhidos pela <strong>LIRIUM<\/strong> s\u00f3 poder\u00e3o ser partilhados com terceiros <strong>com o consentimento pr\u00e9vio do cliente<\/strong> e apenas quando necess\u00e1rio para assegurar a execu\u00e7\u00e3o correta da encomenda.<\/p>\n\n\n\n<p>A informa\u00e7\u00e3o do cliente poder\u00e1 ser disponibilizada sem consentimento apenas quando exigido por lei ou por decis\u00e3o de um tribunal competente.<\/p>\n\n\n\n<p>Nem a <strong>LIRIUM<\/strong> nem qualquer entidade envolvida na cria\u00e7\u00e3o, manuten\u00e7\u00e3o ou opera\u00e7\u00e3o do site poder\u00e3o ser responsabilizadas por danos resultantes da utiliza\u00e7\u00e3o incorreta do website ou dos seus conte\u00fados pelo cliente.<\/p>\n\n\n\n<p>Apesar do nosso empenho em garantir a seguran\u00e7a do site, aplicando medidas t\u00e9cnicas, f\u00edsicas e l\u00f3gicas adequadas, a <strong>LIRIUM<\/strong> n\u00e3o garante que os ficheiros dispon\u00edveis para download estejam livres de v\u00edrus, worms, cavalos de Troia ou qualquer outro c\u00f3digo prejudicial.<\/p>\n\n\n\n<p>Embora a <strong>LIRIUM<\/strong> se esforce para manter os conte\u00fados do site atualizados e corretos, <strong>n\u00e3o podemos assegurar a inexist\u00eancia de erros ou informa\u00e7\u00f5es desatualizadas<\/strong>, podendo estas ser alteradas a qualquer momento sem aviso pr\u00e9vio.<\/p>\n\n\n\n<p>A <strong>LIRIUM<\/strong> n\u00e3o se responsabiliza pelas pol\u00edticas de privacidade de sites externos que possam ser visitados a partir do nosso website.<\/p>\n\n\n\n<p>Ao utilizar o site da <strong>LIRIUM<\/strong>, o cliente concorda com as pr\u00e1ticas descritas nestes Termos e Condi\u00e7\u00f5es.<\/p>\n\n\n\n<p>Cada encomenda est\u00e1 sujeita aos Termos e Condi\u00e7\u00f5es vigentes no momento da realiza\u00e7\u00e3o da mesma.<\/p>\n","protected":false},"excerpt":{"rendered":"<p>O site da LIRIUM recolhe os seus dados e informa\u00e7\u00f5es pessoais, nomeadamente endere\u00e7o de email, nome, morada, pa\u00eds e telefone, com o objetivo de processar e efetuar as suas encomendas. A LIRIUM assume o compromisso de garantir a privacidade e seguran\u00e7a das informa\u00e7\u00f5es pessoais dos seus clientes. Os dados pessoais [&hellip;]<\/p>\n","protected":false},"author":1,"featured_media":0,"parent":0,"menu_order":0,"comment_status":"closed","ping_status":"closed","template":"","meta":{"footnotes":""},"class_list":["post-236","page","type-page","status-publish","hentry"],"_links":{"self":[{"href":"https:\/\/lirium.pt\/index.php?rest_route=\/wp\/v2\/pages\/236","targetHints":{"allow":["GET"]}}],"collection":[{"href":"https:\/\/lirium.pt\/index.php?rest_route=\/wp\/v2\/pages"}],"about":[{"href":"https:\/\/lirium.pt\/index.php?rest_route=\/wp\/v2\/types\/page"}],"author":[{"embeddable":true,"href":"https:\/\/lirium.pt\/index.php?rest_route=\/wp\/v2\/users\/1"}],"replies":[{"embeddable":true,"href":"https:\/\/lirium.pt\/index.php?rest_route=%2Fwp%2Fv2%2Fcomments&post=236"}],"version-history":[{"count":3,"href":"https:\/\/lirium.pt\/index.php?rest_route=\/wp\/v2\/pages\/236\/revisions"}],"predecessor-version":[{"id":385,"href":"https:\/\/lirium.pt\/index.php?rest_route=\/wp\/v2\/pages\/236\/revisions\/385"}],"wp:attachment":[{"href":"https:\/\/lirium.pt\/index.php?rest_route=%2Fwp%2Fv2%2Fmedia&parent=236"}],"curies":[{"name":"wp","href":"https:\/\/api.w.org\/{rel}","templated":true}]}}