{"id":655,"date":"2026-04-08T12:23:48","date_gmt":"2026-04-08T12:23:48","guid":{"rendered":"https:\/\/lirium.pt\/?post_type=product&#038;p=655"},"modified":"2026-04-10T15:22:39","modified_gmt":"2026-04-10T15:22:39","slug":"phalaenopsis-60-12-rosa","status":"publish","type":"product","link":"https:\/\/lirium.pt\/?product=phalaenopsis-60-12-rosa","title":{"rendered":"Phalaenopsis Rosa e Branco"},"content":{"rendered":"<p>Phalaenopsis de cor rosa e branco, elegante e em plena flora\u00e7\u00e3o \ud83c\udf38<br \/>\nOrqu\u00eddea f\u00e1cil de cuidar, perfeita para dar um toque sofisticado a qualquer espa\u00e7o. Ideal para oferecer ou para decorar a sua casa.<\/p>\n<p>&nbsp;<\/p>\n<p>*Fotografia real do produto<\/p>\n<p>REF: 655<\/p>\n","protected":false},"excerpt":{"rendered":"<p>Phalaenopsis de cor rosa e branco, elegante e em plena flora\u00e7\u00e3o \ud83c\udf38 Orqu\u00eddea f\u00e1cil de cuidar, perfeita para dar um toque sofisticado a qualquer espa\u00e7o. Ideal para oferecer ou para decorar a sua casa. &nbsp; *Fotografia real do produto REF: 655<\/p>\n","protected":false},"featured_media":656,"template":"","meta":[],"product_brand":[],"product_cat":[22],"product_tag":[],"class_list":{"0":"post-655","1":"product","2":"type-product","3":"status-publish","4":"has-post-thumbnail","6":"product_cat-plantas-de-interior-2","8":"first","9":"instock","10":"featured","11":"shipping-taxable","12":"purchasable","13":"product-type-simple"},"_links":{"self":[{"href":"https:\/\/lirium.pt\/index.php?rest_route=\/wp\/v2\/product\/655","targetHints":{"allow":["GET"]}}],"collection":[{"href":"https:\/\/lirium.pt\/index.php?rest_route=\/wp\/v2\/product"}],"about":[{"href":"https:\/\/lirium.pt\/index.php?rest_route=\/wp\/v2\/types\/product"}],"wp:featuredmedia":[{"embeddable":true,"href":"https:\/\/lirium.pt\/index.php?rest_route=\/wp\/v2\/media\/656"}],"wp:attachment":[{"href":"https:\/\/lirium.pt\/index.php?rest_route=%2Fwp%2Fv2%2Fmedia&parent=655"}],"wp:term":[{"taxonomy":"product_brand","embeddable":true,"href":"https:\/\/lirium.pt\/index.php?rest_route=%2Fwp%2Fv2%2Fproduct_brand&post=655"},{"taxonomy":"product_cat","embeddable":true,"href":"https:\/\/lirium.pt\/index.php?rest_route=%2Fwp%2Fv2%2Fproduct_cat&post=655"},{"taxonomy":"product_tag","embeddable":true,"href":"https:\/\/lirium.pt\/index.php?rest_route=%2Fwp%2Fv2%2Fproduct_tag&post=655"}],"curies":[{"name":"wp","href":"https:\/\/api.w.org\/{rel}","templated":true}]}}