{"id":668,"date":"2026-04-08T13:08:53","date_gmt":"2026-04-08T13:08:53","guid":{"rendered":"https:\/\/lirium.pt\/?post_type=product&#038;p=668"},"modified":"2026-04-10T15:21:06","modified_gmt":"2026-04-10T15:21:06","slug":"phalaenopsis-rosa","status":"publish","type":"product","link":"https:\/\/lirium.pt\/?product=phalaenopsis-rosa","title":{"rendered":"Phalaenopsis Rosa"},"content":{"rendered":"<p>Phalaenopsis cor-de-rosa, elegante e em plena flora\u00e7\u00e3o<span>\u00a0<\/span><img decoding=\"async\" draggable=\"false\" role=\"img\" class=\"emoji\" alt=\"\ud83c\udf38\" src=\"https:\/\/s.w.org\/images\/core\/emoji\/17.0.2\/svg\/1f338.svg\" \/><br \/>\nOrqu\u00eddea f\u00e1cil de cuidar, perfeita para dar um toque sofisticado a qualquer espa\u00e7o. Ideal para oferecer ou para decorar a sua casa.<\/p>\n<p>&nbsp;<\/p>\n<p>*Fotografia real do produto<\/p>\n<p>REF: 668<\/p>\n","protected":false},"excerpt":{"rendered":"<p>Phalaenopsis cor-de-rosa, elegante e em plena flora\u00e7\u00e3o\u00a0 Orqu\u00eddea f\u00e1cil de cuidar, perfeita para dar um toque sofisticado a qualquer espa\u00e7o. Ideal para oferecer ou para decorar a sua casa. &nbsp; *Fotografia real do produto REF: 668<\/p>\n","protected":false},"featured_media":670,"template":"","meta":[],"product_brand":[],"product_cat":[22],"product_tag":[],"class_list":{"0":"post-668","1":"product","2":"type-product","3":"status-publish","4":"has-post-thumbnail","6":"product_cat-plantas-de-interior-2","8":"first","9":"instock","10":"shipping-taxable","11":"purchasable","12":"product-type-simple"},"_links":{"self":[{"href":"https:\/\/lirium.pt\/index.php?rest_route=\/wp\/v2\/product\/668","targetHints":{"allow":["GET"]}}],"collection":[{"href":"https:\/\/lirium.pt\/index.php?rest_route=\/wp\/v2\/product"}],"about":[{"href":"https:\/\/lirium.pt\/index.php?rest_route=\/wp\/v2\/types\/product"}],"wp:featuredmedia":[{"embeddable":true,"href":"https:\/\/lirium.pt\/index.php?rest_route=\/wp\/v2\/media\/670"}],"wp:attachment":[{"href":"https:\/\/lirium.pt\/index.php?rest_route=%2Fwp%2Fv2%2Fmedia&parent=668"}],"wp:term":[{"taxonomy":"product_brand","embeddable":true,"href":"https:\/\/lirium.pt\/index.php?rest_route=%2Fwp%2Fv2%2Fproduct_brand&post=668"},{"taxonomy":"product_cat","embeddable":true,"href":"https:\/\/lirium.pt\/index.php?rest_route=%2Fwp%2Fv2%2Fproduct_cat&post=668"},{"taxonomy":"product_tag","embeddable":true,"href":"https:\/\/lirium.pt\/index.php?rest_route=%2Fwp%2Fv2%2Fproduct_tag&post=668"}],"curies":[{"name":"wp","href":"https:\/\/api.w.org\/{rel}","templated":true}]}}