{"id":672,"date":"2026-04-08T14:42:03","date_gmt":"2026-04-08T14:42:03","guid":{"rendered":"https:\/\/lirium.pt\/?post_type=product&#038;p=672"},"modified":"2026-04-17T10:20:04","modified_gmt":"2026-04-17T10:20:04","slug":"estrelicia-nicolai","status":"publish","type":"product","link":"https:\/\/lirium.pt\/?product=estrelicia-nicolai","title":{"rendered":"Estrelicia Nicolai"},"content":{"rendered":"<p>A Strelitzia Nicolai \u00e9 uma planta tropical imponente, com folhas grandes e verdes que criam um ambiente ex\u00f3tico e natural.<\/p>\n<p>&nbsp;<\/p>\n<p><em>*Fotografia de refer\u00eancia, produto pode diferir ligeiramente<\/em><\/p>\n<p>REF: 672<\/p>\n","protected":false},"excerpt":{"rendered":"<p>A Strelitzia Nicolai \u00e9 uma planta tropical imponente, com folhas grandes e verdes que criam um ambiente ex\u00f3tico e natural. &nbsp; *Fotografia de refer\u00eancia, produto pode diferir ligeiramente REF: 672<\/p>\n","protected":false},"featured_media":678,"template":"","meta":[],"product_brand":[],"product_cat":[18],"product_tag":[],"class_list":{"0":"post-672","1":"product","2":"type-product","3":"status-publish","4":"has-post-thumbnail","6":"product_cat-plantas-de-exterior","8":"first","9":"outofstock","10":"shipping-taxable","11":"purchasable","12":"product-type-simple"},"_links":{"self":[{"href":"https:\/\/lirium.pt\/index.php?rest_route=\/wp\/v2\/product\/672","targetHints":{"allow":["GET"]}}],"collection":[{"href":"https:\/\/lirium.pt\/index.php?rest_route=\/wp\/v2\/product"}],"about":[{"href":"https:\/\/lirium.pt\/index.php?rest_route=\/wp\/v2\/types\/product"}],"wp:featuredmedia":[{"embeddable":true,"href":"https:\/\/lirium.pt\/index.php?rest_route=\/wp\/v2\/media\/678"}],"wp:attachment":[{"href":"https:\/\/lirium.pt\/index.php?rest_route=%2Fwp%2Fv2%2Fmedia&parent=672"}],"wp:term":[{"taxonomy":"product_brand","embeddable":true,"href":"https:\/\/lirium.pt\/index.php?rest_route=%2Fwp%2Fv2%2Fproduct_brand&post=672"},{"taxonomy":"product_cat","embeddable":true,"href":"https:\/\/lirium.pt\/index.php?rest_route=%2Fwp%2Fv2%2Fproduct_cat&post=672"},{"taxonomy":"product_tag","embeddable":true,"href":"https:\/\/lirium.pt\/index.php?rest_route=%2Fwp%2Fv2%2Fproduct_tag&post=672"}],"curies":[{"name":"wp","href":"https:\/\/api.w.org\/{rel}","templated":true}]}}