{"id":680,"date":"2026-04-08T15:09:21","date_gmt":"2026-04-08T15:09:21","guid":{"rendered":"https:\/\/lirium.pt\/?post_type=product&#038;p=680"},"modified":"2026-04-10T15:17:14","modified_gmt":"2026-04-10T15:17:14","slug":"protea-de-colecao","status":"publish","type":"product","link":"https:\/\/lirium.pt\/?product=protea-de-colecao","title":{"rendered":"Protea de Cole\u00e7\u00e3o"},"content":{"rendered":"<p>De beleza rara e ex\u00f3tica, a Protea destaca-se pelas suas flores \u00fanicas e imponentes, sendo uma pe\u00e7a de cole\u00e7\u00e3o que eleva qualquer ambiente.<\/p>\n<p>&nbsp;<\/p>\n<p>*Fotografia real do produto<\/p>\n<p>REF: 680<\/p>\n","protected":false},"excerpt":{"rendered":"<p>De beleza rara e ex\u00f3tica, a Protea destaca-se pelas suas flores \u00fanicas e imponentes, sendo uma pe\u00e7a de cole\u00e7\u00e3o que eleva qualquer ambiente. &nbsp; *Fotografia real do produto REF: 680<\/p>\n","protected":false},"featured_media":681,"template":"","meta":[],"product_brand":[],"product_cat":[18],"product_tag":[],"class_list":{"0":"post-680","1":"product","2":"type-product","3":"status-publish","4":"has-post-thumbnail","6":"product_cat-plantas-de-exterior","8":"first","9":"instock","10":"featured","11":"shipping-taxable","12":"purchasable","13":"product-type-simple"},"_links":{"self":[{"href":"https:\/\/lirium.pt\/index.php?rest_route=\/wp\/v2\/product\/680","targetHints":{"allow":["GET"]}}],"collection":[{"href":"https:\/\/lirium.pt\/index.php?rest_route=\/wp\/v2\/product"}],"about":[{"href":"https:\/\/lirium.pt\/index.php?rest_route=\/wp\/v2\/types\/product"}],"wp:featuredmedia":[{"embeddable":true,"href":"https:\/\/lirium.pt\/index.php?rest_route=\/wp\/v2\/media\/681"}],"wp:attachment":[{"href":"https:\/\/lirium.pt\/index.php?rest_route=%2Fwp%2Fv2%2Fmedia&parent=680"}],"wp:term":[{"taxonomy":"product_brand","embeddable":true,"href":"https:\/\/lirium.pt\/index.php?rest_route=%2Fwp%2Fv2%2Fproduct_brand&post=680"},{"taxonomy":"product_cat","embeddable":true,"href":"https:\/\/lirium.pt\/index.php?rest_route=%2Fwp%2Fv2%2Fproduct_cat&post=680"},{"taxonomy":"product_tag","embeddable":true,"href":"https:\/\/lirium.pt\/index.php?rest_route=%2Fwp%2Fv2%2Fproduct_tag&post=680"}],"curies":[{"name":"wp","href":"https:\/\/api.w.org\/{rel}","templated":true}]}}