{"id":702,"date":"2026-03-01T14:26:24","date_gmt":"2026-03-01T14:26:24","guid":{"rendered":"https:\/\/lirium.pt\/?post_type=product&#038;p=702"},"modified":"2026-04-10T14:27:36","modified_gmt":"2026-04-10T14:27:36","slug":"siro-acido-20l","status":"publish","type":"product","link":"https:\/\/lirium.pt\/?product=siro-acido-20l","title":{"rendered":"SIRO \u00c1cido 20L"},"content":{"rendered":"<p>A SIRO \u00c1cido 20L \u00e9 um substrato formulado especialmente para plantas acid\u00f3filas, proporcionando um pH baixo adequado, boa reten\u00e7\u00e3o de humidade e drenagem equilibrada, ideal para o crescimento saud\u00e1vel de esp\u00e9cies como az\u00e1leas, cam\u00e9lias e hort\u00eansias \ud83c\udf38<\/p>\n<p>&nbsp;<\/p>\n<p><em>*Fotografia de refer\u00eancia, produto pode diferir ligeiramente<\/em><\/p>\n<p>REF: 702<\/p>\n<p>&nbsp;<\/p>\n<p>&nbsp;<\/p>\n","protected":false},"excerpt":{"rendered":"<p>A SIRO \u00c1cido 20L \u00e9 um substrato formulado especialmente para plantas acid\u00f3filas, proporcionando um pH baixo adequado, boa reten\u00e7\u00e3o de humidade e drenagem equilibrada, ideal para o crescimento saud\u00e1vel de esp\u00e9cies como az\u00e1leas, cam\u00e9lias e hort\u00eansias \ud83c\udf38 &nbsp; *Fotografia de refer\u00eancia, produto pode diferir ligeiramente REF: 702 &nbsp; &nbsp;<\/p>\n","protected":false},"featured_media":703,"template":"","meta":[],"product_brand":[],"product_cat":[25],"product_tag":[],"class_list":{"0":"post-702","1":"product","2":"type-product","3":"status-publish","4":"has-post-thumbnail","6":"product_cat-substratos","8":"first","9":"instock","10":"shipping-taxable","11":"purchasable","12":"product-type-simple"},"_links":{"self":[{"href":"https:\/\/lirium.pt\/index.php?rest_route=\/wp\/v2\/product\/702","targetHints":{"allow":["GET"]}}],"collection":[{"href":"https:\/\/lirium.pt\/index.php?rest_route=\/wp\/v2\/product"}],"about":[{"href":"https:\/\/lirium.pt\/index.php?rest_route=\/wp\/v2\/types\/product"}],"wp:featuredmedia":[{"embeddable":true,"href":"https:\/\/lirium.pt\/index.php?rest_route=\/wp\/v2\/media\/703"}],"wp:attachment":[{"href":"https:\/\/lirium.pt\/index.php?rest_route=%2Fwp%2Fv2%2Fmedia&parent=702"}],"wp:term":[{"taxonomy":"product_brand","embeddable":true,"href":"https:\/\/lirium.pt\/index.php?rest_route=%2Fwp%2Fv2%2Fproduct_brand&post=702"},{"taxonomy":"product_cat","embeddable":true,"href":"https:\/\/lirium.pt\/index.php?rest_route=%2Fwp%2Fv2%2Fproduct_cat&post=702"},{"taxonomy":"product_tag","embeddable":true,"href":"https:\/\/lirium.pt\/index.php?rest_route=%2Fwp%2Fv2%2Fproduct_tag&post=702"}],"curies":[{"name":"wp","href":"https:\/\/api.w.org\/{rel}","templated":true}]}}