{"id":709,"date":"2026-04-10T15:09:29","date_gmt":"2026-04-10T15:09:29","guid":{"rendered":"https:\/\/lirium.pt\/?post_type=product&#038;p=709"},"modified":"2026-04-11T09:34:00","modified_gmt":"2026-04-11T09:34:00","slug":"scindapsus","status":"publish","type":"product","link":"https:\/\/lirium.pt\/?product=scindapsus","title":{"rendered":"Scindapsus"},"content":{"rendered":"<p data-start=\"0\" data-end=\"171\">Tamb\u00e9m conhecida por Gib\u00f3ia, a Scindapsus \u00e9 uma planta ornamental de interior muito apreciada pelas suas folhas decorativas e de f\u00e1cil manuten\u00e7\u00e3o, ideal para trazer um toque verde a qualquer espa\u00e7o \ud83c\udf3f<\/p>\n<p data-start=\"173\" data-end=\"413\" data-is-last-node=\"\" data-is-only-node=\"\">Prefere locais com luz indireta, tolera alguma sombra e deve ser regado moderadamente, deixando o substrato secar ligeiramente entre regas. \u00c9 uma excelente op\u00e7\u00e3o tanto para iniciantes como para quem procura uma planta resistente e elegante.<\/p>\n<p><em>*Fotografia de refer\u00eancia, produto pode diferir ligeiramente<\/em><\/p>\n<p>REF: 709<\/p>\n","protected":false},"excerpt":{"rendered":"<p>Tamb\u00e9m conhecida por Gib\u00f3ia, a Scindapsus \u00e9 uma planta ornamental de interior muito apreciada pelas suas folhas decorativas e de f\u00e1cil manuten\u00e7\u00e3o, ideal para trazer um toque verde a qualquer espa\u00e7o \ud83c\udf3f Prefere locais com luz indireta, tolera alguma sombra e deve ser regado moderadamente, deixando o substrato secar ligeiramente [&hellip;]<\/p>\n","protected":false},"featured_media":710,"template":"","meta":[],"product_brand":[],"product_cat":[22],"product_tag":[],"class_list":{"0":"post-709","1":"product","2":"type-product","3":"status-publish","4":"has-post-thumbnail","6":"product_cat-plantas-de-interior-2","8":"first","9":"instock","10":"featured","11":"shipping-taxable","12":"purchasable","13":"product-type-simple"},"_links":{"self":[{"href":"https:\/\/lirium.pt\/index.php?rest_route=\/wp\/v2\/product\/709","targetHints":{"allow":["GET"]}}],"collection":[{"href":"https:\/\/lirium.pt\/index.php?rest_route=\/wp\/v2\/product"}],"about":[{"href":"https:\/\/lirium.pt\/index.php?rest_route=\/wp\/v2\/types\/product"}],"wp:featuredmedia":[{"embeddable":true,"href":"https:\/\/lirium.pt\/index.php?rest_route=\/wp\/v2\/media\/710"}],"wp:attachment":[{"href":"https:\/\/lirium.pt\/index.php?rest_route=%2Fwp%2Fv2%2Fmedia&parent=709"}],"wp:term":[{"taxonomy":"product_brand","embeddable":true,"href":"https:\/\/lirium.pt\/index.php?rest_route=%2Fwp%2Fv2%2Fproduct_brand&post=709"},{"taxonomy":"product_cat","embeddable":true,"href":"https:\/\/lirium.pt\/index.php?rest_route=%2Fwp%2Fv2%2Fproduct_cat&post=709"},{"taxonomy":"product_tag","embeddable":true,"href":"https:\/\/lirium.pt\/index.php?rest_route=%2Fwp%2Fv2%2Fproduct_tag&post=709"}],"curies":[{"name":"wp","href":"https:\/\/api.w.org\/{rel}","templated":true}]}}