{"id":718,"date":"2026-04-10T15:28:16","date_gmt":"2026-04-10T15:28:16","guid":{"rendered":"https:\/\/lirium.pt\/?post_type=product&#038;p=718"},"modified":"2026-04-11T09:33:46","modified_gmt":"2026-04-11T09:33:46","slug":"spathiphyllum","status":"publish","type":"product","link":"https:\/\/lirium.pt\/?product=spathiphyllum","title":{"rendered":"Spathiphyllum"},"content":{"rendered":"<p data-start=\"0\" data-end=\"193\">O Spathiphyllum, tamb\u00e9m conhecido como l\u00edrio-da-paz, \u00e9 uma planta de interior elegante e de f\u00e1cil manuten\u00e7\u00e3o, muito apreciada pelas suas folhas verdes brilhantes e flores brancas delicadas \ud83c\udf3f\ud83e\udd0d<\/p>\n<p data-start=\"195\" data-end=\"438\" data-is-last-node=\"\" data-is-only-node=\"\">Adapta-se bem a ambientes com luz indireta e prefere solos ligeiramente h\u00famidos, sem encharcamento. Al\u00e9m do seu valor ornamental, \u00e9 tamb\u00e9m conhecido por ajudar a melhorar a qualidade do ar, sendo uma excelente escolha para casas e escrit\u00f3rios.<\/p>\n<p data-start=\"195\" data-end=\"438\" data-is-last-node=\"\" data-is-only-node=\"\">\n<p><em>*Fotografia de refer\u00eancia, produto pode diferir ligeiramente<\/em><\/p>\n<p>REF: 718<\/p>\n","protected":false},"excerpt":{"rendered":"<p>O Spathiphyllum, tamb\u00e9m conhecido como l\u00edrio-da-paz, \u00e9 uma planta de interior elegante e de f\u00e1cil manuten\u00e7\u00e3o, muito apreciada pelas suas folhas verdes brilhantes e flores brancas delicadas \ud83c\udf3f\ud83e\udd0d Adapta-se bem a ambientes com luz indireta e prefere solos ligeiramente h\u00famidos, sem encharcamento. Al\u00e9m do seu valor ornamental, \u00e9 tamb\u00e9m conhecido [&hellip;]<\/p>\n","protected":false},"featured_media":719,"template":"","meta":[],"product_brand":[],"product_cat":[22],"product_tag":[],"class_list":{"0":"post-718","1":"product","2":"type-product","3":"status-publish","4":"has-post-thumbnail","6":"product_cat-plantas-de-interior-2","8":"first","9":"instock","10":"featured","11":"shipping-taxable","12":"purchasable","13":"product-type-simple"},"_links":{"self":[{"href":"https:\/\/lirium.pt\/index.php?rest_route=\/wp\/v2\/product\/718","targetHints":{"allow":["GET"]}}],"collection":[{"href":"https:\/\/lirium.pt\/index.php?rest_route=\/wp\/v2\/product"}],"about":[{"href":"https:\/\/lirium.pt\/index.php?rest_route=\/wp\/v2\/types\/product"}],"wp:featuredmedia":[{"embeddable":true,"href":"https:\/\/lirium.pt\/index.php?rest_route=\/wp\/v2\/media\/719"}],"wp:attachment":[{"href":"https:\/\/lirium.pt\/index.php?rest_route=%2Fwp%2Fv2%2Fmedia&parent=718"}],"wp:term":[{"taxonomy":"product_brand","embeddable":true,"href":"https:\/\/lirium.pt\/index.php?rest_route=%2Fwp%2Fv2%2Fproduct_brand&post=718"},{"taxonomy":"product_cat","embeddable":true,"href":"https:\/\/lirium.pt\/index.php?rest_route=%2Fwp%2Fv2%2Fproduct_cat&post=718"},{"taxonomy":"product_tag","embeddable":true,"href":"https:\/\/lirium.pt\/index.php?rest_route=%2Fwp%2Fv2%2Fproduct_tag&post=718"}],"curies":[{"name":"wp","href":"https:\/\/api.w.org\/{rel}","templated":true}]}}