{"id":726,"date":"2026-04-09T15:50:40","date_gmt":"2026-04-09T15:50:40","guid":{"rendered":"https:\/\/lirium.pt\/?post_type=product&#038;p=726"},"modified":"2026-04-10T17:16:25","modified_gmt":"2026-04-10T17:16:25","slug":"aeschynanthus","status":"publish","type":"product","link":"https:\/\/lirium.pt\/?product=aeschynanthus","title":{"rendered":"Aeschynanthus"},"content":{"rendered":"<section class=\"text-token-text-primary w-full focus:outline-none [--shadow-height:45px] has-data-writing-block:pointer-events-none has-data-writing-block:-mt-(--shadow-height) has-data-writing-block:pt-(--shadow-height) [&amp;:has([data-writing-block])&gt;*]:pointer-events-auto scroll-mt-(--header-height)\" dir=\"auto\" data-turn-id=\"28ffd2a2-3740-4cad-ae62-78aadfa9a078\" data-testid=\"conversation-turn-23\" data-scroll-anchor=\"false\" data-turn=\"user\">\n<div class=\"text-base my-auto mx-auto pt-12 [--thread-content-margin:var(--thread-content-margin-xs,calc(var(--spacing)*4))] @w-sm\/main:[--thread-content-margin:var(--thread-content-margin-sm,calc(var(--spacing)*6))] @w-lg\/main:[--thread-content-margin:var(--thread-content-margin-lg,calc(var(--spacing)*16))] px-(--thread-content-margin)\">\n<div class=\"[--thread-content-max-width:40rem] @w-lg\/main:[--thread-content-max-width:48rem] mx-auto max-w-(--thread-content-max-width) flex-1 group\/turn-messages focus-visible:outline-hidden relative flex w-full min-w-0 flex-col\">\n<div class=\"z-0 flex justify-end\">O Aeschynanthus, tamb\u00e9m conhecido como \u201cplanta-batom\u201d, \u00e9 uma planta tropical pendente muito apreciada pelas suas flores vibrantes e ex\u00f3ticas \ud83c\udf3a<\/div>\n<\/div>\n<\/div>\n<\/section>\n<section class=\"text-token-text-primary w-full focus:outline-none [--shadow-height:45px] has-data-writing-block:pointer-events-none has-data-writing-block:-mt-(--shadow-height) has-data-writing-block:pt-(--shadow-height) [&amp;:has([data-writing-block])&gt;*]:pointer-events-auto scroll-mt-[calc(var(--header-height)+min(200px,max(70px,20svh)))]\" dir=\"auto\" data-turn-id=\"request-69d7da55-24bc-8326-b7a0-8dd4492f8bb5-8\" data-testid=\"conversation-turn-24\" data-scroll-anchor=\"true\" data-turn=\"assistant\">\n<div class=\"text-base my-auto mx-auto pb-10 [--thread-content-margin:var(--thread-content-margin-xs,calc(var(--spacing)*4))] @w-sm\/main:[--thread-content-margin:var(--thread-content-margin-sm,calc(var(--spacing)*6))] @w-lg\/main:[--thread-content-margin:var(--thread-content-margin-lg,calc(var(--spacing)*16))] px-(--thread-content-margin)\">\n<div class=\"[--thread-content-max-width:40rem] @w-lg\/main:[--thread-content-max-width:48rem] mx-auto max-w-(--thread-content-max-width) flex-1 group\/turn-messages focus-visible:outline-hidden relative flex w-full min-w-0 flex-col agent-turn\">\n<div class=\"flex max-w-full flex-col gap-4 grow\">\n<div data-message-author-role=\"assistant\" data-message-id=\"980cf873-c82f-41a4-8718-0e8f96f14782\" dir=\"auto\" data-message-model-slug=\"gpt-5-3\" class=\"min-h-8 text-message relative flex w-full flex-col items-end gap-2 text-start break-words whitespace-normal outline-none keyboard-focused:focus-ring [.text-message+&amp;]:mt-1\" data-turn-start-message=\"true\">\n<div class=\"flex w-full flex-col gap-1 empty:hidden\">\n<div class=\"markdown prose dark:prose-invert w-full wrap-break-word light markdown-new-styling\">\n<p data-start=\"145\" data-end=\"431\" data-is-last-node=\"\" data-is-only-node=\"\">Prefere ambientes com boa luminosidade indireta e elevada humidade, sendo ideal para vasos suspensos. Deve ser regado moderadamente, permitindo que o substrato seque ligeiramente entre regas, e beneficia de um solo leve e bem drenado para um crescimento saud\u00e1vel e flora\u00e7\u00e3o abundante \ud83c\udf3f<\/p>\n<p data-start=\"145\" data-end=\"431\" data-is-last-node=\"\" data-is-only-node=\"\">\n<\/div>\n<p><em>*Fotografia de refer\u00eancia, produto pode diferir ligeiramente<\/em><\/p>\n<p>REF: 726<\/p>\n<\/div>\n<\/div>\n<\/div>\n<\/div>\n<\/div>\n<\/section>\n","protected":false},"excerpt":{"rendered":"<p>O Aeschynanthus, tamb\u00e9m conhecido como \u201cplanta-batom\u201d, \u00e9 uma planta tropical pendente muito apreciada pelas suas flores vibrantes e ex\u00f3ticas \ud83c\udf3a Prefere ambientes com boa luminosidade indireta e elevada humidade, sendo ideal para vasos suspensos. Deve ser regado moderadamente, permitindo que o substrato seque ligeiramente entre regas, e beneficia de um [&hellip;]<\/p>\n","protected":false},"featured_media":727,"template":"","meta":[],"product_brand":[],"product_cat":[18],"product_tag":[],"class_list":{"0":"post-726","1":"product","2":"type-product","3":"status-publish","4":"has-post-thumbnail","6":"product_cat-plantas-de-exterior","8":"first","9":"instock","10":"shipping-taxable","11":"purchasable","12":"product-type-simple"},"_links":{"self":[{"href":"https:\/\/lirium.pt\/index.php?rest_route=\/wp\/v2\/product\/726","targetHints":{"allow":["GET"]}}],"collection":[{"href":"https:\/\/lirium.pt\/index.php?rest_route=\/wp\/v2\/product"}],"about":[{"href":"https:\/\/lirium.pt\/index.php?rest_route=\/wp\/v2\/types\/product"}],"wp:featuredmedia":[{"embeddable":true,"href":"https:\/\/lirium.pt\/index.php?rest_route=\/wp\/v2\/media\/727"}],"wp:attachment":[{"href":"https:\/\/lirium.pt\/index.php?rest_route=%2Fwp%2Fv2%2Fmedia&parent=726"}],"wp:term":[{"taxonomy":"product_brand","embeddable":true,"href":"https:\/\/lirium.pt\/index.php?rest_route=%2Fwp%2Fv2%2Fproduct_brand&post=726"},{"taxonomy":"product_cat","embeddable":true,"href":"https:\/\/lirium.pt\/index.php?rest_route=%2Fwp%2Fv2%2Fproduct_cat&post=726"},{"taxonomy":"product_tag","embeddable":true,"href":"https:\/\/lirium.pt\/index.php?rest_route=%2Fwp%2Fv2%2Fproduct_tag&post=726"}],"curies":[{"name":"wp","href":"https:\/\/api.w.org\/{rel}","templated":true}]}}