{"id":748,"date":"2026-04-15T17:51:51","date_gmt":"2026-04-15T17:51:51","guid":{"rendered":"https:\/\/lirium.pt\/?post_type=product&#038;p=748"},"modified":"2026-04-18T07:12:37","modified_gmt":"2026-04-18T07:12:37","slug":"begonia","status":"publish","type":"product","link":"https:\/\/lirium.pt\/?product=begonia","title":{"rendered":"Begonia"},"content":{"rendered":"<p data-start=\"0\" data-end=\"130\">A Begonia \u00e9 uma planta ornamental muito popular, apreciada pela diversidade de formas, cores e padr\u00f5es das suas folhas e flores \ud83c\udf3a<\/p>\n<p data-start=\"132\" data-end=\"438\" data-is-last-node=\"\" data-is-only-node=\"\">Adapta-se bem a ambientes com luz indireta e prefere substratos leves e bem drenados. Deve ser regada com modera\u00e7\u00e3o, mantendo o solo ligeiramente h\u00famido, mas evitando o encharcamento. \u00c9 uma excelente escolha tanto para interiores como para varandas protegidas, trazendo cor e eleg\u00e2ncia a qualquer espa\u00e7o.<\/p>\n<p>&nbsp;<\/p>\n<p><em>*Fotografia de refer\u00eancia, produto pode diferir ligeiramente<\/em><\/p>\n<p>REF: 748<\/p>\n","protected":false},"excerpt":{"rendered":"<p>A Begonia \u00e9 uma planta ornamental muito popular, apreciada pela diversidade de formas, cores e padr\u00f5es das suas folhas e flores \ud83c\udf3a Adapta-se bem a ambientes com luz indireta e prefere substratos leves e bem drenados. Deve ser regada com modera\u00e7\u00e3o, mantendo o solo ligeiramente h\u00famido, mas evitando o encharcamento. [&hellip;]<\/p>\n","protected":false},"featured_media":775,"template":"","meta":[],"product_brand":[],"product_cat":[18],"product_tag":[],"class_list":{"0":"post-748","1":"product","2":"type-product","3":"status-publish","4":"has-post-thumbnail","6":"product_cat-plantas-de-exterior","8":"first","9":"instock","10":"shipping-taxable","11":"purchasable","12":"product-type-simple"},"_links":{"self":[{"href":"https:\/\/lirium.pt\/index.php?rest_route=\/wp\/v2\/product\/748","targetHints":{"allow":["GET"]}}],"collection":[{"href":"https:\/\/lirium.pt\/index.php?rest_route=\/wp\/v2\/product"}],"about":[{"href":"https:\/\/lirium.pt\/index.php?rest_route=\/wp\/v2\/types\/product"}],"wp:featuredmedia":[{"embeddable":true,"href":"https:\/\/lirium.pt\/index.php?rest_route=\/wp\/v2\/media\/775"}],"wp:attachment":[{"href":"https:\/\/lirium.pt\/index.php?rest_route=%2Fwp%2Fv2%2Fmedia&parent=748"}],"wp:term":[{"taxonomy":"product_brand","embeddable":true,"href":"https:\/\/lirium.pt\/index.php?rest_route=%2Fwp%2Fv2%2Fproduct_brand&post=748"},{"taxonomy":"product_cat","embeddable":true,"href":"https:\/\/lirium.pt\/index.php?rest_route=%2Fwp%2Fv2%2Fproduct_cat&post=748"},{"taxonomy":"product_tag","embeddable":true,"href":"https:\/\/lirium.pt\/index.php?rest_route=%2Fwp%2Fv2%2Fproduct_tag&post=748"}],"curies":[{"name":"wp","href":"https:\/\/api.w.org\/{rel}","templated":true}]}}