{"id":794,"date":"2026-04-18T08:27:45","date_gmt":"2026-04-18T08:27:45","guid":{"rendered":"https:\/\/lirium.pt\/?post_type=product&#038;p=794"},"modified":"2026-04-18T08:27:45","modified_gmt":"2026-04-18T08:27:45","slug":"sansevieria","status":"publish","type":"product","link":"https:\/\/lirium.pt\/?product=sansevieria","title":{"rendered":"Sansevieria"},"content":{"rendered":"<p>A Sansevieria \ud83c\udf3f, tamb\u00e9m conhecida como \u201cespada-de-s\u00e3o-jorge\u201d, \u00e9 uma planta ornamental resistente e elegante, ideal para ambientes internos. Possui folhas longas, r\u00edgidas e verticais, com tons de verde e padr\u00f5es variados. De f\u00e1cil manuten\u00e7\u00e3o, adapta-se bem a diferentes n\u00edveis de luz e requer pouca rega, sendo perfeita para quem procura uma op\u00e7\u00e3o pr\u00e1tica e duradoura. Al\u00e9m disso, \u00e9 valorizada por ajudar a melhorar a qualidade do ar<\/p>\n<p><em>*Fotografia de refer\u00eancia, produto pode diferir ligeiramente<\/em><\/p>\n<p>REF: 794<\/p>\n","protected":false},"excerpt":{"rendered":"<p>A Sansevieria \ud83c\udf3f, tamb\u00e9m conhecida como \u201cespada-de-s\u00e3o-jorge\u201d, \u00e9 uma planta ornamental resistente e elegante, ideal para ambientes internos. Possui folhas longas, r\u00edgidas e verticais, com tons de verde e padr\u00f5es variados. De f\u00e1cil manuten\u00e7\u00e3o, adapta-se bem a diferentes n\u00edveis de luz e requer pouca rega, sendo perfeita para quem procura [&hellip;]<\/p>\n","protected":false},"featured_media":795,"template":"","meta":[],"product_brand":[],"product_cat":[18,22],"product_tag":[],"class_list":{"0":"post-794","1":"product","2":"type-product","3":"status-publish","4":"has-post-thumbnail","6":"product_cat-plantas-de-exterior","7":"product_cat-plantas-de-interior-2","9":"first","10":"instock","11":"shipping-taxable","12":"purchasable","13":"product-type-simple"},"_links":{"self":[{"href":"https:\/\/lirium.pt\/index.php?rest_route=\/wp\/v2\/product\/794","targetHints":{"allow":["GET"]}}],"collection":[{"href":"https:\/\/lirium.pt\/index.php?rest_route=\/wp\/v2\/product"}],"about":[{"href":"https:\/\/lirium.pt\/index.php?rest_route=\/wp\/v2\/types\/product"}],"wp:featuredmedia":[{"embeddable":true,"href":"https:\/\/lirium.pt\/index.php?rest_route=\/wp\/v2\/media\/795"}],"wp:attachment":[{"href":"https:\/\/lirium.pt\/index.php?rest_route=%2Fwp%2Fv2%2Fmedia&parent=794"}],"wp:term":[{"taxonomy":"product_brand","embeddable":true,"href":"https:\/\/lirium.pt\/index.php?rest_route=%2Fwp%2Fv2%2Fproduct_brand&post=794"},{"taxonomy":"product_cat","embeddable":true,"href":"https:\/\/lirium.pt\/index.php?rest_route=%2Fwp%2Fv2%2Fproduct_cat&post=794"},{"taxonomy":"product_tag","embeddable":true,"href":"https:\/\/lirium.pt\/index.php?rest_route=%2Fwp%2Fv2%2Fproduct_tag&post=794"}],"curies":[{"name":"wp","href":"https:\/\/api.w.org\/{rel}","templated":true}]}}